{"id":9,"date":"2023-03-07T16:11:59","date_gmt":"2023-03-07T16:11:59","guid":{"rendered":"https:\/\/test.instytutdidaskalos.pl\/?page_id=9"},"modified":"2023-03-09T12:16:21","modified_gmt":"2023-03-09T12:16:21","slug":"instytut-didaskalos","status":"publish","type":"page","link":"https:\/\/test.instytutdidaskalos.pl\/?page_id=9","title":{"rendered":"Instytut Didaskalos"},"content":{"rendered":"<p>[et_pb_section fb_built=&#8221;1&#8243; _builder_version=&#8221;4.20.1&#8243; _module_preset=&#8221;default&#8221; width=&#8221;100%&#8221; global_colors_info=&#8221;{}&#8221;][et_pb_row _builder_version=&#8221;4.20.1&#8243; _module_preset=&#8221;default&#8221; custom_margin=&#8221;|auto|-1px|auto||&#8221; global_colors_info=&#8221;{}&#8221;][et_pb_column type=&#8221;4_4&#8243; _builder_version=&#8221;4.20.1&#8243; _module_preset=&#8221;default&#8221; global_colors_info=&#8221;{}&#8221;][et_pb_text _builder_version=&#8221;4.20.1&#8243; _module_preset=&#8221;default&#8221; header_font=&#8221;dinpro-condbold|900|||||||&#8221; header_text_align=&#8221;center&#8221; header_font_size=&#8221;2.7vw&#8221; header_line_height=&#8221;1.3em&#8221; header_font_size_tablet=&#8221;5vw&#8221; header_font_size_phone=&#8221;7vw&#8221; header_font_size_last_edited=&#8221;on|phone&#8221; global_colors_info=&#8221;{}&#8221;]<\/p>\n<h1>Interesuje Ci\u0119 chrze\u015bcija\u0144stwo, prowadzenie \u017cycia \u015bwiadomego celu, wywieranie pozytywnego wp\u0142ywu i przyw\u00f3dztwo?<\/h1>\n<p>[\/et_pb_text][et_pb_image src=&#8221;https:\/\/test.instytutdidaskalos.pl\/wp-content\/uploads\/2023\/03\/acorn-black-150&#215;150.png&#8221; title_text=&#8221;Instytut Didaskalos&#8221; align=&#8221;center&#8221; _builder_version=&#8221;4.20.1&#8243; _module_preset=&#8221;default&#8221; width=&#8221;5%&#8221; width_tablet=&#8221;6%&#8221; width_phone=&#8221;11%&#8221; width_last_edited=&#8221;on|phone&#8221; module_alignment=&#8221;center&#8221; global_colors_info=&#8221;{}&#8221;][\/et_pb_image][et_pb_text _builder_version=&#8221;4.20.1&#8243; _module_preset=&#8221;default&#8221; header_3_font=&#8221;dinpro-light|100|on||||||&#8221; header_3_text_align=&#8221;center&#8221; header_3_font_size=&#8221;1.2vw&#8221; header_3_font_size_tablet=&#8221;2vw&#8221; header_3_font_size_phone=&#8221;4vw&#8221; header_3_font_size_last_edited=&#8221;on|desktop&#8221; global_colors_info=&#8221;{}&#8221;]<\/p>\n<h3>Na blogu Didasakalos znajdziesz materia\u0142y dotycz\u0105ce tych zagadnie\u0144<\/h3>\n<p>[\/et_pb_text][\/et_pb_column][\/et_pb_row][et_pb_row column_structure=&#8221;1_4,1_4,1_4,1_4&#8243; _builder_version=&#8221;4.20.1&#8243; _module_preset=&#8221;default&#8221; custom_margin=&#8221;30px||||false|false&#8221; custom_margin_tablet=&#8221;0px||||false|false&#8221; custom_margin_phone=&#8221;0px||||false|false&#8221; custom_margin_last_edited=&#8221;on|tablet&#8221; global_colors_info=&#8221;{}&#8221;][et_pb_column type=&#8221;1_4&#8243; _builder_version=&#8221;4.20.1&#8243; _module_preset=&#8221;default&#8221; global_colors_info=&#8221;{}&#8221;][et_pb_blurb title=&#8221;Rozw\u00f3j osobisty&#8221; image=&#8221;https:\/\/test.instytutdidaskalos.pl\/wp-content\/uploads\/2023\/03\/rozwoj-personalny.jpg&#8221; _builder_version=&#8221;4.20.1&#8243; _module_preset=&#8221;default&#8221; header_font=&#8221;dinpro-medium|||on|||||&#8221; header_letter_spacing=&#8221;1px&#8221; header_line_height=&#8221;1.5em&#8221; global_colors_info=&#8221;{}&#8221;][\/et_pb_blurb][\/et_pb_column][et_pb_column type=&#8221;1_4&#8243; _builder_version=&#8221;4.20.1&#8243; _module_preset=&#8221;default&#8221; global_colors_info=&#8221;{}&#8221;][et_pb_blurb title=&#8221;Rozw\u00f3j duchowy&#8221; image=&#8221;https:\/\/test.instytutdidaskalos.pl\/wp-content\/uploads\/2023\/03\/rozwoj-duchowy.jpg&#8221; _builder_version=&#8221;4.20.1&#8243; _module_preset=&#8221;default&#8221; header_font=&#8221;dinpro-medium|||on|||||&#8221; header_letter_spacing=&#8221;1px&#8221; header_line_height=&#8221;1.5em&#8221; global_colors_info=&#8221;{}&#8221;][\/et_pb_blurb][\/et_pb_column][et_pb_column type=&#8221;1_4&#8243; _builder_version=&#8221;4.20.1&#8243; _module_preset=&#8221;default&#8221; global_colors_info=&#8221;{}&#8221;][et_pb_blurb title=&#8221;Rozw\u00f3j przyw\u00f3dztwa i Ko\u015bcio\u0142a&#8221; image=&#8221;https:\/\/test.instytutdidaskalos.pl\/wp-content\/uploads\/2023\/03\/historia-i-dziedzictwo-Kosciola.jpg&#8221; _builder_version=&#8221;4.20.1&#8243; _module_preset=&#8221;default&#8221; header_font=&#8221;dinpro-medium|||on|||||&#8221; header_letter_spacing=&#8221;1px&#8221; header_line_height=&#8221;1.5em&#8221; global_colors_info=&#8221;{}&#8221;][\/et_pb_blurb][\/et_pb_column][et_pb_column type=&#8221;1_4&#8243; _builder_version=&#8221;4.20.1&#8243; _module_preset=&#8221;default&#8221; global_colors_info=&#8221;{}&#8221;][et_pb_blurb title=&#8221;Historia i dziedzictwo chrze\u015bcija\u0144skie&#8221; image=&#8221;https:\/\/test.instytutdidaskalos.pl\/wp-content\/uploads\/2023\/03\/old-bible-wooden-table_53876-32346.webp&#8221; _builder_version=&#8221;4.20.1&#8243; _module_preset=&#8221;default&#8221; header_font=&#8221;dinpro-medium|||on|||||&#8221; header_letter_spacing=&#8221;1px&#8221; header_line_height=&#8221;1.5em&#8221; global_colors_info=&#8221;{}&#8221;][\/et_pb_blurb][\/et_pb_column][\/et_pb_row][\/et_pb_section][et_pb_section fb_built=&#8221;1&#8243; _builder_version=&#8221;4.20.1&#8243; _module_preset=&#8221;default&#8221; custom_padding=&#8221;10px||||false|false&#8221; global_colors_info=&#8221;{}&#8221;][\/et_pb_section]<\/p>\n","protected":false},"excerpt":{"rendered":"<p>Interesuje Ci\u0119 chrze\u015bcija\u0144stwo, prowadzenie \u017cycia \u015bwiadomego celu, wywieranie pozytywnego wp\u0142ywu i przyw\u00f3dztwo?Na blogu Didasakalos znajdziesz materia\u0142y dotycz\u0105ce tych zagadnie\u0144<\/p>\n","protected":false},"author":1,"featured_media":0,"parent":0,"menu_order":0,"comment_status":"closed","ping_status":"closed","template":"","meta":{"_et_pb_use_builder":"on","_et_pb_old_content":"","_et_gb_content_width":"","ngg_post_thumbnail":0},"_links":{"self":[{"href":"https:\/\/test.instytutdidaskalos.pl\/index.php?rest_route=\/wp\/v2\/pages\/9"}],"collection":[{"href":"https:\/\/test.instytutdidaskalos.pl\/index.php?rest_route=\/wp\/v2\/pages"}],"about":[{"href":"https:\/\/test.instytutdidaskalos.pl\/index.php?rest_route=\/wp\/v2\/types\/page"}],"author":[{"embeddable":true,"href":"https:\/\/test.instytutdidaskalos.pl\/index.php?rest_route=\/wp\/v2\/users\/1"}],"replies":[{"embeddable":true,"href":"https:\/\/test.instytutdidaskalos.pl\/index.php?rest_route=%2Fwp%2Fv2%2Fcomments&post=9"}],"version-history":[{"count":8,"href":"https:\/\/test.instytutdidaskalos.pl\/index.php?rest_route=\/wp\/v2\/pages\/9\/revisions"}],"predecessor-version":[{"id":12006,"href":"https:\/\/test.instytutdidaskalos.pl\/index.php?rest_route=\/wp\/v2\/pages\/9\/revisions\/12006"}],"wp:attachment":[{"href":"https:\/\/test.instytutdidaskalos.pl\/index.php?rest_route=%2Fwp%2Fv2%2Fmedia&parent=9"}],"curies":[{"name":"wp","href":"https:\/\/api.w.org\/{rel}","templated":true}]}}